{"id":28211,"date":"2020-10-22T11:41:19","date_gmt":"2020-10-22T14:41:19","guid":{"rendered":"https:\/\/asisport.com.ar\/fabrica-de-portones\/?page_id=28211"},"modified":"2024-10-26T22:08:48","modified_gmt":"2024-10-27T01:08:48","slug":"portones-levadizos","status":"publish","type":"page","link":"https:\/\/asisport.com.ar\/fabrica-de-portones\/portones-levadizos\/","title":{"rendered":"REPARACION PORTONES LEVADIZOS"},"content":{"rendered":"\r\n<h1 class=\"has-text-align-center has-background wp-block-heading\" id=\"fabrica-de-portones-levadizos-contacto-011-6308-1176\" style=\"background-color: #ecc704; font-size: 16.5px;\"><strong>F\u00e1brica de Portones Levadizos &#8211; Contacto : 1163081176\u00a0 \u00a0<\/strong><\/h1>\r\n\r\n\r\n\r\n<p class=\"has-text-align-center\" style=\"font-size: 15.5px;\"><strong>En F\u00e1brica de Portones Asisport<\/strong>, llevamos m\u00e1s de 35 a\u00f1os ofreciendo todo tipo de servicios <strong>para Portones Levadizos<\/strong> autom\u00e1ticos y manuales, al mejor precio y la mayor calidad en productos, mano de obra, service, reparaci\u00f3n, automatizaci\u00f3n, fabricaci\u00f3n de portones levadizos, reformas y realizaci\u00f3n de proyectos personalizados para hogares, comercios e industrias.<\/p>\r\n\r\n\r\n\r\n<p class=\"has-text-align-center\" style=\"font-size: 15.5px;\">Nos destacamos por nuestra seriedad y capacidad a la hora de resolver cualquier tipo de problemas en portones levadizos manuales y autom\u00e1ticos.<\/p>\r\n<p class=\"has-text-align-center\" style=\"font-size: 15.5px; text-align: center;\"><strong>Contamos con servicio tecnico de emergencia las 24 horas<\/strong> <span>&#x2714; Contacto : <a href=\"https:\/\/api.whatsapp.com\/send\/?phone=5491163081176\">1163081176<\/a><\/span><\/p>\r\n\r\n\r\n\r\n<div class=\"wp-block-jetpack-tiled-gallery aligncenter is-style-rectangular has-rounded-corners-2\">\r\n<div class=\"tiled-gallery__gallery\">\r\n<div class=\"tiled-gallery__row\">\r\n<div class=\"tiled-gallery__col\" style=\"flex-basis: 100%;\">\r\n<figure class=\"tiled-gallery__item\"><img fetchpriority=\"high\" decoding=\"async\" alt=\"fabrica y reparacion de portones levadizos - autom\u00e1ticos\" data-height=\"586\" data-id=\"27232\" data-link=\"https:\/\/asisport.com.ar\/fabrica-de-portones\/fabrica-de-portones-2-2\/img-20200713-wa0034\/\" data-url=\"https:\/\/asisport.com.ar\/fabrica-de-portones\/wp-content\/uploads\/2020\/07\/IMG-20200713-WA0034.jpg\" data-width=\"781\" src=\"https:\/\/i0.wp.com\/asisport.com.ar\/fabrica-de-portones\/wp-content\/uploads\/2020\/07\/IMG-20200713-WA0034.jpg?ssl=1\" layout=\"responsive\" class=\"alignnone\" width=\"781\" height=\"586\" \/><\/figure>\r\n<\/div>\r\n<\/div>\r\n<\/div>\r\n<\/div>\r\n\r\n\r\n\r\n<p class=\"has-text-align-center\" style=\"font-size: 15.5px;\"><strong>Dentro de los servicios ofrecidos nos especializamos en<\/strong> : Service de portones levadizos, Mantenimiento de portones levadizos, Reparaci\u00f3n de portones levadizos, reforma de portones levadizos, venta de portones levadizos y\u00a0 arreglos en general de portones levadizos de cualquier material.<\/p>\r\n\r\n\r\n\r\n<p class=\"has-text-align-center\" style=\"font-size: 15.5px;\"><strong>Servicio<\/strong> <strong>T\u00e9cnico de portones<\/strong> levadizos altamente calificado.<\/p>\r\n\r\n\r\n\r\n\r\n\r\n<div class=\"wp-block-image\">\r\n<figure class=\"aligncenter size-large\"><a href=\"https:\/\/asisport.com.ar\/fabrica-de-portones\/wp-content\/uploads\/2020\/06\/dcdd1a3ec519c88a8d4af92c7a4ada75.jpg\"><img decoding=\"async\" src=\"https:\/\/asisport.com.ar\/fabrica-de-portones\/wp-content\/uploads\/2020\/06\/dcdd1a3ec519c88a8d4af92c7a4ada75-1024x1024.jpg\" alt=\"reparaci\u00f3n de portones levadizos, reparar port\u00f3n levadizo.\" class=\"alignnone wp-image-4930\" title=\"automatizaci\u00f3n portones levadizos - automatizaci\u00f3n de port\u00f3n levadizo - automatizar port\u00f3n levadizo.\" width=\"1024\" height=\"1024\" srcset=\"https:\/\/asisport.com.ar\/fabrica-de-portones\/wp-content\/uploads\/2020\/06\/dcdd1a3ec519c88a8d4af92c7a4ada75-1024x1024.jpg 1024w, https:\/\/asisport.com.ar\/fabrica-de-portones\/wp-content\/uploads\/2020\/06\/dcdd1a3ec519c88a8d4af92c7a4ada75-300x300.jpg 300w, https:\/\/asisport.com.ar\/fabrica-de-portones\/wp-content\/uploads\/2020\/06\/dcdd1a3ec519c88a8d4af92c7a4ada75-150x150.jpg 150w, https:\/\/asisport.com.ar\/fabrica-de-portones\/wp-content\/uploads\/2020\/06\/dcdd1a3ec519c88a8d4af92c7a4ada75-768x768.jpg 768w, https:\/\/asisport.com.ar\/fabrica-de-portones\/wp-content\/uploads\/2020\/06\/dcdd1a3ec519c88a8d4af92c7a4ada75-530x530.jpg 530w, https:\/\/asisport.com.ar\/fabrica-de-portones\/wp-content\/uploads\/2020\/06\/dcdd1a3ec519c88a8d4af92c7a4ada75-750x750.jpg 750w, https:\/\/asisport.com.ar\/fabrica-de-portones\/wp-content\/uploads\/2020\/06\/dcdd1a3ec519c88a8d4af92c7a4ada75-500x500.jpg 500w, https:\/\/asisport.com.ar\/fabrica-de-portones\/wp-content\/uploads\/2020\/06\/dcdd1a3ec519c88a8d4af92c7a4ada75-20x20.jpg 20w, https:\/\/asisport.com.ar\/fabrica-de-portones\/wp-content\/uploads\/2020\/06\/dcdd1a3ec519c88a8d4af92c7a4ada75-116x116.jpg 116w, https:\/\/asisport.com.ar\/fabrica-de-portones\/wp-content\/uploads\/2020\/06\/dcdd1a3ec519c88a8d4af92c7a4ada75.jpg 1080w\" sizes=\"(max-width: 1024px) 100vw, 1024px\" \/><\/a><\/figure>\r\n<\/div>\r\n\r\n\r\n\r\n\r\n\r\n<h2 class=\"has-text-align-center has-background wp-block-heading\" id=\"service-de-portones-levadizos\" style=\"background-color: #ecc704; font-size: 16.5px;\"><strong>Service de portones <\/strong>levadizos<\/h2>\r\n\r\n\r\n\r\n<h3 class=\"wp-block-heading\" id=\"service-de-portones-automaticos-levadizos\" style=\"font-size: 16.5px;\">Service de portones autom\u00e1ticos levadizos<\/h3>\r\n\r\n\r\n\r\n<p style=\"font-size: 15.5px;\">Realizamos services de <strong>portones autom\u00e1ticos levadizos <\/strong>preventivo con cualquier tipo de instalaci\u00f3n y falla que este ocasionando un mal funcionamiento en el port\u00f3n autom\u00e1tico levadizo, motor, electrocerradura o electr\u00f3nica del mismo . Nuestro servicio t\u00e9cnico ofrece soluciones eficaces e inmediatas sea cual sea el problema. Cabe destacar que no cobramos la visita t\u00e9cnica dentro de la zona, \u00fanicamente abonara por trabajos realizados previamente presupuestados.<\/p>\r\n\r\n\r\n\r\n<h3 class=\"wp-block-heading\" id=\"service-de-portones-levadizos-manuales\" style=\"font-size: 15.5px;\">Service de portones levadizos manuales<\/h3>\r\n\r\n\r\n\r\n<p>Tambi\u00e9n realizamos service de portones levadizos. manuales, mantenimiento en general de portones levadizos y re acondicionamientos para portones levadizos, con problemas de cierre, apertura o mal funcionamiento en la carrera del port\u00f3n, etc.<\/p>\r\n\r\n\r\n\r\n<div class=\"wp-block-image\">\r\n<figure class=\"aligncenter size-large\"><a href=\"https:\/\/asisport.com.ar\/fabrica-de-portones\/wp-content\/uploads\/2020\/07\/IMG-20200713-WA0035.jpg\"><img decoding=\"async\" width=\"1024\" height=\"420\" src=\"https:\/\/asisport.com.ar\/fabrica-de-portones\/wp-content\/uploads\/2020\/07\/IMG-20200713-WA0035-1024x420.jpg\" alt=\"service de portones levadizos - service de portones autom\u00e1ticos levadizos - service de port\u00f3n levadizo.\" class=\"wp-image-27235\" title=\"service de portones levadizos - service de portones autom\u00e1ticos levadizos - service de port\u00f3n levadizo.\" srcset=\"https:\/\/asisport.com.ar\/fabrica-de-portones\/wp-content\/uploads\/2020\/07\/IMG-20200713-WA0035-1024x420.jpg 1024w, https:\/\/asisport.com.ar\/fabrica-de-portones\/wp-content\/uploads\/2020\/07\/IMG-20200713-WA0035-300x123.jpg 300w, https:\/\/asisport.com.ar\/fabrica-de-portones\/wp-content\/uploads\/2020\/07\/IMG-20200713-WA0035-768x315.jpg 768w, https:\/\/asisport.com.ar\/fabrica-de-portones\/wp-content\/uploads\/2020\/07\/IMG-20200713-WA0035-750x308.jpg 750w, https:\/\/asisport.com.ar\/fabrica-de-portones\/wp-content\/uploads\/2020\/07\/IMG-20200713-WA0035-20x8.jpg 20w, https:\/\/asisport.com.ar\/fabrica-de-portones\/wp-content\/uploads\/2020\/07\/IMG-20200713-WA0035-228x94.jpg 228w, https:\/\/asisport.com.ar\/fabrica-de-portones\/wp-content\/uploads\/2020\/07\/IMG-20200713-WA0035.jpg 1101w\" sizes=\"(max-width: 1024px) 100vw, 1024px\" \/><\/a><\/figure>\r\n<\/div>\r\n\r\n\r\n\r\n<h1 class=\"has-text-align-center has-background wp-block-heading\" id=\"reparacion-de-portones-levadizos\" style=\"background-color: #ecc704; font-size: 16.5px;\">Reparaci\u00f3n de portones levadizos<\/h1>\r\n\r\n\r\n\r\n<h2 class=\"wp-block-heading\" id=\"reparacion-de-portones-automaticos-levadizos\" style=\"font-size: 15.5px;\">Reparaci\u00f3n de portones autom\u00e1ticos levadizos<\/h2>\r\n\r\n\r\n\r\n<p>Reparamos portones levadizos autom\u00e1ticos en cualquier material de construcci\u00f3n y automatizaci\u00f3n, dentro de las cuales est\u00e1n la reparaci\u00f3n de portones levadizos de chapa, reparaci\u00f3n de portones levadizos de madera, reparaci\u00f3n de portones levadizos de metal, reparaci\u00f3n de portones levadizos de hierro, reparaci\u00f3n de portones levadizos de reja, etc.<\/p>\r\n\r\n\r\n\r\n<p>Reparamos portones autom\u00e1ticos levadizos de entrada del hogar, portones levadizos autom\u00e1ticos de garaje, portones levadizos autom\u00e1ticos contrapesados en general.<\/p>\r\n\r\n\r\n\r\n<p>Reparaci\u00f3n de placas electr\u00f3nicas para motores levadizos, Reparaci\u00f3n de motores levadizos. Reparaci\u00f3n de portones levadizos autom\u00e1ticos en todos sus sistemas.<\/p>\r\n\r\n\r\n\r\n<h2 class=\"wp-block-heading\" id=\"reparacion-de-portones-levadizos\" style=\"font-size: 16.5px;\">Reparaci\u00f3n de portones levadizos<\/h2>\r\n\r\n\r\n\r\n<figure class=\"wp-block-image size-large\"><a href=\"https:\/\/asisport.com.ar\/fabrica-de-portones\/wp-content\/uploads\/2020\/05\/asisport-14.png\"><img loading=\"lazy\" decoding=\"async\" src=\"https:\/\/asisport.com.ar\/fabrica-de-portones\/wp-content\/uploads\/2020\/05\/asisport-14.png\" alt=\"reparaci\u00f3n de portones levadizos - reparar port\u00f3n levadizo, reparaci\u00f3n de portones autom\u00e1ticos levadizos, reparaci\u00f3n de port\u00f3n autom\u00e1tico levadizo.\" class=\"alignnone wp-image-4405\" title=\"reparaci\u00f3n de portones corredizos - reparar port\u00f3n corredizo, reparaci\u00f3n de portones autom\u00e1ticos corredizos, reparaci\u00f3n de port\u00f3n autom\u00e1tico corredizo\" width=\"600\" height=\"450\" srcset=\"https:\/\/asisport.com.ar\/fabrica-de-portones\/wp-content\/uploads\/2020\/05\/asisport-14.png 600w, https:\/\/asisport.com.ar\/fabrica-de-portones\/wp-content\/uploads\/2020\/05\/asisport-14-300x225.png 300w, https:\/\/asisport.com.ar\/fabrica-de-portones\/wp-content\/uploads\/2020\/05\/asisport-14-500x375.png 500w, https:\/\/asisport.com.ar\/fabrica-de-portones\/wp-content\/uploads\/2020\/05\/asisport-14-20x15.png 20w, https:\/\/asisport.com.ar\/fabrica-de-portones\/wp-content\/uploads\/2020\/05\/asisport-14-155x116.png 155w\" sizes=\"(max-width: 600px) 100vw, 600px\" \/><\/a><\/figure>\r\n\r\n\r\n\r\n<p style=\"font-size: 15.5px;\"><span style=\"font-family: ABeeZee, sans-serif;\"><strong><span style=\"font-size: 10pt;\">Si necesita reparar su port\u00f3n levadizo, Precios, calidad, garant\u00eda y la mejor atenci\u00f3n post venta.<\/span><\/strong><\/span><\/p>\r\n<p style=\"font-size: 15.5px;\"><span style=\"font-family: ABeeZee, sans-serif;\"><strong><span style=\"font-size: 10pt;\">No lo dude Portones levadizos ASISPORT \u00a1 Somos la mejor opci\u00f3n en tu zona ! 011 63081176<\/span><\/strong><\/span><\/p>\r\n<p>&nbsp;<\/p>\r\n<div style=\"text-align:center\" class=\"yasr-auto-insert-visitor\"><\/div>","protected":false},"excerpt":{"rendered":"<p>F\u00e1brica de Portones Levadizos &#8211; Contacto : 1163081176\u00a0 \u00a0 En F\u00e1brica de Portones Asisport, llevamos m\u00e1s de 35 a\u00f1os ofreciendo todo tipo de servicios para Portones Levadizos autom\u00e1ticos y manuales, al mejor precio y la mayor calidad en productos, mano de obra, service, reparaci\u00f3n, automatizaci\u00f3n, fabricaci\u00f3n de portones levadizos, reformas [&hellip;]<\/p>\n","protected":false},"author":2,"featured_media":28588,"parent":0,"menu_order":0,"comment_status":"closed","ping_status":"closed","template":"","meta":{"_uag_custom_page_level_css":"","yasr_overall_rating":5,"yasr_post_is_review":"","yasr_auto_insert_disabled":"","yasr_review_type":"","footnotes":""},"class_list":["post-28211","page","type-page","status-publish","has-post-thumbnail","hentry"],"yasr_visitor_votes":{"number_of_votes":0,"sum_votes":0,"stars_attributes":{"read_only":true,"span_bottom":"<span class='yasr-small-block-bold'><span class='yasr-visitor-votes-must-sign-in'>Ya has votado este art\u00edculo<\/span><\/span>"}},"uagb_featured_image_src":{"full":["https:\/\/asisport.com.ar\/fabrica-de-portones\/wp-content\/uploads\/2022\/10\/PORTONES-LEVADIZOS.jpg",500,500,false],"thumbnail":["https:\/\/asisport.com.ar\/fabrica-de-portones\/wp-content\/uploads\/2022\/10\/PORTONES-LEVADIZOS-150x150.jpg",150,150,true],"medium":["https:\/\/asisport.com.ar\/fabrica-de-portones\/wp-content\/uploads\/2022\/10\/PORTONES-LEVADIZOS-300x300.jpg",300,300,true],"medium_large":["https:\/\/asisport.com.ar\/fabrica-de-portones\/wp-content\/uploads\/2022\/10\/PORTONES-LEVADIZOS.jpg",500,500,false],"large":["https:\/\/asisport.com.ar\/fabrica-de-portones\/wp-content\/uploads\/2022\/10\/PORTONES-LEVADIZOS.jpg",500,500,false],"1536x1536":["https:\/\/asisport.com.ar\/fabrica-de-portones\/wp-content\/uploads\/2022\/10\/PORTONES-LEVADIZOS.jpg",500,500,false],"2048x2048":["https:\/\/asisport.com.ar\/fabrica-de-portones\/wp-content\/uploads\/2022\/10\/PORTONES-LEVADIZOS.jpg",500,500,false],"hestia-blog":["https:\/\/asisport.com.ar\/fabrica-de-portones\/wp-content\/uploads\/2022\/10\/PORTONES-LEVADIZOS-360x240.jpg",360,240,true],"form-edit-image-preview":["https:\/\/asisport.com.ar\/fabrica-de-portones\/wp-content\/uploads\/2022\/10\/PORTONES-LEVADIZOS-116x116.jpg",116,116,true],"sow-carousel-default":["https:\/\/asisport.com.ar\/fabrica-de-portones\/wp-content\/uploads\/2022\/10\/PORTONES-LEVADIZOS-272x182.jpg",272,182,true]},"uagb_author_info":{"display_name":"PORTONES ASISPORT","author_link":"https:\/\/asisport.com.ar\/fabrica-de-portones\/author\/c1351631\/"},"uagb_comment_info":0,"uagb_excerpt":"F\u00e1brica de Portones Levadizos &#8211; Contacto : 1163081176\u00a0 \u00a0 En F\u00e1brica de Portones Asisport, llevamos m\u00e1s de 35 a\u00f1os ofreciendo todo tipo de servicios para Portones Levadizos autom\u00e1ticos y manuales, al mejor precio y la mayor calidad en productos, mano de obra, service, reparaci\u00f3n, automatizaci\u00f3n, fabricaci\u00f3n de portones levadizos, reformas [&hellip;]","_links":{"self":[{"href":"https:\/\/asisport.com.ar\/fabrica-de-portones\/wp-json\/wp\/v2\/pages\/28211","targetHints":{"allow":["GET"]}}],"collection":[{"href":"https:\/\/asisport.com.ar\/fabrica-de-portones\/wp-json\/wp\/v2\/pages"}],"about":[{"href":"https:\/\/asisport.com.ar\/fabrica-de-portones\/wp-json\/wp\/v2\/types\/page"}],"author":[{"embeddable":true,"href":"https:\/\/asisport.com.ar\/fabrica-de-portones\/wp-json\/wp\/v2\/users\/2"}],"replies":[{"embeddable":true,"href":"https:\/\/asisport.com.ar\/fabrica-de-portones\/wp-json\/wp\/v2\/comments?post=28211"}],"version-history":[{"count":20,"href":"https:\/\/asisport.com.ar\/fabrica-de-portones\/wp-json\/wp\/v2\/pages\/28211\/revisions"}],"predecessor-version":[{"id":28675,"href":"https:\/\/asisport.com.ar\/fabrica-de-portones\/wp-json\/wp\/v2\/pages\/28211\/revisions\/28675"}],"wp:featuredmedia":[{"embeddable":true,"href":"https:\/\/asisport.com.ar\/fabrica-de-portones\/wp-json\/wp\/v2\/media\/28588"}],"wp:attachment":[{"href":"https:\/\/asisport.com.ar\/fabrica-de-portones\/wp-json\/wp\/v2\/media?parent=28211"}],"curies":[{"name":"wp","href":"https:\/\/api.w.org\/{rel}","templated":true}]}}