{"id":27299,"date":"2020-07-17T04:56:04","date_gmt":"2020-07-17T07:56:04","guid":{"rendered":"https:\/\/asisport.com.ar\/fabrica-de-portones\/?page_id=27299"},"modified":"2026-02-24T23:47:40","modified_gmt":"2026-02-25T02:47:40","slug":"fabrica-de-portones-4","status":"publish","type":"page","link":"https:\/\/asisport.com.ar\/fabrica-de-portones\/","title":{"rendered":"fabrica de portones zona norte"},"content":{"rendered":"<div id=\"pl-27299\" class=\"panel-layout\">\n<div id=\"pg-27299-0\" class=\"panel-grid panel-no-style\">\n<div id=\"pgc-27299-0-0\" class=\"panel-grid-cell\" data-weight=\"1\">\n<div id=\"panel-27299-0-0-0\" class=\"so-panel widget widget_sow-editor panel-first-child panel-last-child\" data-index=\"0\" data-style=\"{&quot;background_image_attachment&quot;:false,&quot;background_display&quot;:&quot;tile&quot;}\">\n<div class=\"so-widget-sow-editor so-widget-sow-editor-base\">\n<div class=\"siteorigin-widget-tinymce textwidget\">\n<h2 style=\"text-align: center;\"><span style=\"font-size: 12pt; font-family: Roboto, sans-serif;\">SERVICE, FABRICA Y REPARACI\u00d3N DE PORTONES AUTOM\u00c1TICOS | FABRICA DE PORTONES AUTOM\u00c1TICOS ZONA NORTE &#x2714;<\/span><\/h2>\n<h2 style=\"text-align: center;\"><span style=\"font-size: 10pt; font-family: Roboto, sans-serif;\">TIGRE |\u00a0 BECCAR | SAN ISIDRO |\u00a0 MARTINEZ\u00a0| OLIVOS | VICENTE LOPEZ<\/span><\/h2>\n<h2><span style=\"font-size: 14pt;\"><\/span><span style=\"font-size: 14pt;\">&#x23eb; ASISPORT,\u00a0 SEGURIDAD TOTAL PARA TU PORT\u00d3N AL MEJOR PRECIO ASEGURADO &#8211; <a href=\"https:\/\/api.whatsapp.com\/send\/?phone=5491163081176\">Tel\u00e9fono : <span style=\"color: #ff6600; font-size: 12pt;\">011 6308 1176<\/span><\/a><\/span><\/h2>\n<h2><span style=\"font-size: 14pt;\">&#x23eb;\u00a0 \u00a0<\/span><span style=\"font-size: 14pt;\">Servicio T\u00e9cnico\u00a0<\/span><\/h2>\n<p>Realizamos todo tipo de reparaciones, service y reacondicionamiento de portones automaticos o manuales.<\/p>\n<ul>\n<li>Reparaci\u00f3n de portones autom\u00e1ticos Corredizos<\/li>\n<li>Reparaci\u00f3n de portones autom\u00e1ticos Levadizos<\/li>\n<li>Reparaci\u00f3n de portones autom\u00e1ticos Batientes<br \/>\n<hr \/>\n<\/li>\n<li>Cambio de cables de acero<\/li>\n<li>Reemplazo de ruedas de acero<\/li>\n<li>Cambio de cremalleras para portones corredizos<\/li>\n<li>Controles remotos para portones autom\u00e1ticos<\/li>\n<li><\/li>\n<\/ul>\n<p><iframe title=\"#F\u00e1brica de Portones , Automatizaci\u00f3n y Reparaci\u00f3n de Portones ASISPORT | Zona Norte - #San Isidro\" width=\"750\" height=\"422\" src=\"https:\/\/www.youtube.com\/embed\/3WyJ6EGrKE0?feature=oembed\" frameborder=\"0\" allow=\"accelerometer; autoplay; clipboard-write; encrypted-media; gyroscope; picture-in-picture; web-share\" referrerpolicy=\"strict-origin-when-cross-origin\" allowfullscreen><\/iframe><\/p>\n<h3><span style=\"font-size: 14pt;\"><span style=\"font-size: 14pt;\">T\u00e9cnicos especialistas en <\/span><strong style=\"font-size: 14pt;\">automatizaci\u00f3n de portones<\/strong><span style=\"font-size: 14pt;\"><span style=\"font-size: 14pt;\">,\u00a0 <\/span><b style=\"font-size: 14pt;\">Reparaci\u00f3n, <\/b><span style=\"font-size: 18.6667px;\"><b>Fabricaci\u00f3n<\/b><\/span><b style=\"font-size: 14pt;\"> y servicio <\/b><\/span><strong style=\"font-size: 14pt;\"><span style=\"font-size: 18.6667px;\">t\u00e9cnico<\/span><\/strong><span style=\"font-size: 14pt;\"> de calidad para portones autom\u00e1ticos y manuales en Zona Norte. Venta y programaci\u00f3n de controles remotos para portones autom\u00e1ticos levadizos, corredizos y batientes. Service de portones &#8211; Service de portones autom\u00e1ticos.<\/span><\/span><\/h3>\n\n\t\t<style type=\"text\/css\">\n\t\t\t#gallery-1 {\n\t\t\t\tmargin: auto;\n\t\t\t}\n\t\t\t#gallery-1 .gallery-item {\n\t\t\t\tfloat: left;\n\t\t\t\tmargin-top: 10px;\n\t\t\t\ttext-align: center;\n\t\t\t\twidth: 33%;\n\t\t\t}\n\t\t\t#gallery-1 img {\n\t\t\t\tborder: 2px solid #cfcfcf;\n\t\t\t}\n\t\t\t#gallery-1 .gallery-caption {\n\t\t\t\tmargin-left: 0;\n\t\t\t}\n\t\t\t\/* see gallery_shortcode() in wp-includes\/media.php *\/\n\t\t<\/style>\n\t\t<div id='gallery-1' class='gallery galleryid-27299 gallery-columns-3 gallery-size-wpzoom-rcb-block-header-square'><dl class='gallery-item'>\n\t\t\t<dt class='gallery-icon landscape'>\n\t\t\t\t<a href='https:\/\/asisport.com.ar\/fabrica-de-portones\/img-20200713-wa0068\/'><img fetchpriority=\"high\" decoding=\"async\" width=\"530\" height=\"530\" src=\"https:\/\/asisport.com.ar\/fabrica-de-portones\/wp-content\/uploads\/2020\/07\/IMG-20200713-WA0068-530x530.jpg\" class=\"attachment-wpzoom-rcb-block-header-square size-wpzoom-rcb-block-header-square\" alt=\"portones automaticos\" aria-describedby=\"gallery-1-27233\" srcset=\"https:\/\/asisport.com.ar\/fabrica-de-portones\/wp-content\/uploads\/2020\/07\/IMG-20200713-WA0068-530x530.jpg 530w, https:\/\/asisport.com.ar\/fabrica-de-portones\/wp-content\/uploads\/2020\/07\/IMG-20200713-WA0068-150x150.jpg 150w, https:\/\/asisport.com.ar\/fabrica-de-portones\/wp-content\/uploads\/2020\/07\/IMG-20200713-WA0068-500x500.jpg 500w\" sizes=\"(max-width: 530px) 100vw, 530px\" \/><\/a>\n\t\t\t<\/dt>\n\t\t\t\t<dd class='wp-caption-text gallery-caption' id='gallery-1-27233'>\n\t\t\t\tSERVICE DE PORTONES AUTOM\u00c1TICOS BATIENTES\n\t\t\t\t<\/dd><\/dl><dl class='gallery-item'>\n\t\t\t<dt class='gallery-icon landscape'>\n\t\t\t\t<a href='https:\/\/asisport.com.ar\/fabrica-de-portones\/img-20200713-wa0034\/'><img decoding=\"async\" width=\"530\" height=\"530\" src=\"https:\/\/asisport.com.ar\/fabrica-de-portones\/wp-content\/uploads\/2020\/07\/IMG-20200713-WA0034-530x530.jpg\" class=\"attachment-wpzoom-rcb-block-header-square size-wpzoom-rcb-block-header-square\" alt=\"fabrica y reparaci\u00f3n de portones autom\u00e1ticos\" aria-describedby=\"gallery-1-27232\" srcset=\"https:\/\/asisport.com.ar\/fabrica-de-portones\/wp-content\/uploads\/2020\/07\/IMG-20200713-WA0034-530x530.jpg 530w, https:\/\/asisport.com.ar\/fabrica-de-portones\/wp-content\/uploads\/2020\/07\/IMG-20200713-WA0034-150x150.jpg 150w, https:\/\/asisport.com.ar\/fabrica-de-portones\/wp-content\/uploads\/2020\/07\/IMG-20200713-WA0034-500x500.jpg 500w\" sizes=\"(max-width: 530px) 100vw, 530px\" \/><\/a>\n\t\t\t<\/dt>\n\t\t\t\t<dd class='wp-caption-text gallery-caption' id='gallery-1-27232'>\n\t\t\t\tSERVICE DE PORTONES AUTOM\u00c1TICOS LEVADIZOS\n\t\t\t\t<\/dd><\/dl><dl class='gallery-item'>\n\t\t\t<dt class='gallery-icon landscape'>\n\t\t\t\t<a href='https:\/\/asisport.com.ar\/fabrica-de-portones\/fabrica-de-portones-5\/'><img decoding=\"async\" width=\"530\" height=\"530\" src=\"https:\/\/asisport.com.ar\/fabrica-de-portones\/wp-content\/uploads\/2020\/07\/FABRICA-DE-PORTONES-e1595932806362-530x530.jpg\" class=\"attachment-wpzoom-rcb-block-header-square size-wpzoom-rcb-block-header-square\" alt=\"FABRICA DE PORTONES CORREDIZOS - PORTONES AUTOM\u00c1TICOS CORREDIZOS\" aria-describedby=\"gallery-1-27535\" srcset=\"https:\/\/asisport.com.ar\/fabrica-de-portones\/wp-content\/uploads\/2020\/07\/FABRICA-DE-PORTONES-e1595932806362-530x530.jpg 530w, https:\/\/asisport.com.ar\/fabrica-de-portones\/wp-content\/uploads\/2020\/07\/FABRICA-DE-PORTONES-e1595932806362-150x150.jpg 150w, https:\/\/asisport.com.ar\/fabrica-de-portones\/wp-content\/uploads\/2020\/07\/FABRICA-DE-PORTONES-e1595932806362-500x500.jpg 500w\" sizes=\"(max-width: 530px) 100vw, 530px\" \/><\/a>\n\t\t\t<\/dt>\n\t\t\t\t<dd class='wp-caption-text gallery-caption' id='gallery-1-27535'>\n\t\t\t\tSERVICE DE PORTONES AUTOM\u00c1TICOS CORREDIZOS\n\t\t\t\t<\/dd><\/dl><br style=\"clear: both\" \/>\n\t\t<\/div>\n\n<h3><span style=\"font-size: 14pt;\"><span style=\"font-size: 12pt;\"><strong style=\"font-size: 12pt;\">SERVICE DE PORTONES AUTOM\u00c1TICOS<\/strong><span style=\"font-size: 12pt;\">, <\/span><b style=\"font-size: 12pt;\">SERVICE DE PORTONES <\/b><span style=\"font-size: 16px;\"><b>EL\u00c9CTRICOS<\/b><\/span><b style=\"font-size: 12pt;\">.<\/b><span style=\"font-size: 12pt;\">\u00a0<\/span><\/span><b style=\"font-size: 14pt;\"><span style=\"font-size: 12pt;\">SERVICE DE PORTONES<\/span> AUTOM\u00c1TICOS Y MANUALES: Portones batientes <span>&#x2714;<\/span> portones corredizos <span>&#x2714; <\/span>portones levadizos <span>&#x2714;<\/span> Venta, instalaci\u00f3n y programaci\u00f3n de motores y controles remotos para portones <\/b><span style=\"font-size: 18.6667px;\"><b>autom\u00e1ticos, portones levadizos, portones corredizos y portones rebatibles. <\/b><\/span><\/span><span style=\"font-size: 14pt;\"><span style=\"font-size: 18.6667px;\"><b>Realizamos mantenimiento de portones de chapa, portones de madera, portones de acero, portones de hierro, portones de metal, portones de aluminio, portones de reja, portones de acero, portones, portones de garage\/garaje, portones industriales, portones modernos seccionales, portones existentes y portones en general!<\/b><\/span><\/span><\/h3>\n\n\t\t<style type=\"text\/css\">\n\t\t\t#gallery-2 {\n\t\t\t\tmargin: auto;\n\t\t\t}\n\t\t\t#gallery-2 .gallery-item {\n\t\t\t\tfloat: left;\n\t\t\t\tmargin-top: 10px;\n\t\t\t\ttext-align: center;\n\t\t\t\twidth: 33%;\n\t\t\t}\n\t\t\t#gallery-2 img {\n\t\t\t\tborder: 2px solid #cfcfcf;\n\t\t\t}\n\t\t\t#gallery-2 .gallery-caption {\n\t\t\t\tmargin-left: 0;\n\t\t\t}\n\t\t\t\/* see gallery_shortcode() in wp-includes\/media.php *\/\n\t\t<\/style>\n\t\t<div id='gallery-2' class='gallery galleryid-27299 gallery-columns-3 gallery-size-wpzoom-rcb-block-header-square'><dl class='gallery-item'>\n\t\t\t<dt class='gallery-icon landscape'>\n\t\t\t\t<a href='https:\/\/asisport.com.ar\/fabrica-de-portones\/fabrica-de-portones-4\/fabrica-de-portones-6\/'><img loading=\"lazy\" decoding=\"async\" width=\"530\" height=\"530\" src=\"https:\/\/asisport.com.ar\/fabrica-de-portones\/wp-content\/uploads\/2020\/07\/fabrica-de-portones-1-530x530.jpg\" class=\"attachment-wpzoom-rcb-block-header-square size-wpzoom-rcb-block-header-square\" alt=\"fabrica y reparacion de portones automaticos zona norte san isidro\" srcset=\"https:\/\/asisport.com.ar\/fabrica-de-portones\/wp-content\/uploads\/2020\/07\/fabrica-de-portones-1-530x530.jpg 530w, https:\/\/asisport.com.ar\/fabrica-de-portones\/wp-content\/uploads\/2020\/07\/fabrica-de-portones-1-150x150.jpg 150w, https:\/\/asisport.com.ar\/fabrica-de-portones\/wp-content\/uploads\/2020\/07\/fabrica-de-portones-1-500x500.jpg 500w\" sizes=\"(max-width: 530px) 100vw, 530px\" \/><\/a>\n\t\t\t<\/dt><\/dl><dl class='gallery-item'>\n\t\t\t<dt class='gallery-icon landscape'>\n\t\t\t\t<a href='https:\/\/asisport.com.ar\/fabrica-de-portones\/fabrica-de-portones-4\/105490776_131860318538575_4700662683921387123_o\/'><img loading=\"lazy\" decoding=\"async\" width=\"530\" height=\"530\" src=\"https:\/\/asisport.com.ar\/fabrica-de-portones\/wp-content\/uploads\/2020\/06\/105490776_131860318538575_4700662683921387123_o-530x530.jpg\" class=\"attachment-wpzoom-rcb-block-header-square size-wpzoom-rcb-block-header-square\" alt=\"fabrica y reparacion de portones automaticos zona norte san isidro\" srcset=\"https:\/\/asisport.com.ar\/fabrica-de-portones\/wp-content\/uploads\/2020\/06\/105490776_131860318538575_4700662683921387123_o-530x530.jpg 530w, https:\/\/asisport.com.ar\/fabrica-de-portones\/wp-content\/uploads\/2020\/06\/105490776_131860318538575_4700662683921387123_o-300x300.jpg 300w, https:\/\/asisport.com.ar\/fabrica-de-portones\/wp-content\/uploads\/2020\/06\/105490776_131860318538575_4700662683921387123_o-150x150.jpg 150w, https:\/\/asisport.com.ar\/fabrica-de-portones\/wp-content\/uploads\/2020\/06\/105490776_131860318538575_4700662683921387123_o-768x768.jpg 768w, https:\/\/asisport.com.ar\/fabrica-de-portones\/wp-content\/uploads\/2020\/06\/105490776_131860318538575_4700662683921387123_o-750x750.jpg 750w, https:\/\/asisport.com.ar\/fabrica-de-portones\/wp-content\/uploads\/2020\/06\/105490776_131860318538575_4700662683921387123_o-500x500.jpg 500w, https:\/\/asisport.com.ar\/fabrica-de-portones\/wp-content\/uploads\/2020\/06\/105490776_131860318538575_4700662683921387123_o-20x20.jpg 20w, https:\/\/asisport.com.ar\/fabrica-de-portones\/wp-content\/uploads\/2020\/06\/105490776_131860318538575_4700662683921387123_o-116x116.jpg 116w, https:\/\/asisport.com.ar\/fabrica-de-portones\/wp-content\/uploads\/2020\/06\/105490776_131860318538575_4700662683921387123_o.jpg 960w\" sizes=\"(max-width: 530px) 100vw, 530px\" \/><\/a>\n\t\t\t<\/dt><\/dl><dl class='gallery-item'>\n\t\t\t<dt class='gallery-icon landscape'>\n\t\t\t\t<a href='https:\/\/asisport.com.ar\/fabrica-de-portones\/fabrica-de-portones-4\/img-20200622-wa0096\/'><img loading=\"lazy\" decoding=\"async\" width=\"530\" height=\"530\" src=\"https:\/\/asisport.com.ar\/fabrica-de-portones\/wp-content\/uploads\/2020\/07\/IMG-20200622-WA0096-530x530.jpg\" class=\"attachment-wpzoom-rcb-block-header-square size-wpzoom-rcb-block-header-square\" alt=\"fabrica de portones - portones automaticos - portones corredizos - portones levadizos - portones batientes - zona norte - service de portones automaticos asisport\" srcset=\"https:\/\/asisport.com.ar\/fabrica-de-portones\/wp-content\/uploads\/2020\/07\/IMG-20200622-WA0096-530x530.jpg 530w, https:\/\/asisport.com.ar\/fabrica-de-portones\/wp-content\/uploads\/2020\/07\/IMG-20200622-WA0096-150x150.jpg 150w, https:\/\/asisport.com.ar\/fabrica-de-portones\/wp-content\/uploads\/2020\/07\/IMG-20200622-WA0096-500x500.jpg 500w\" sizes=\"(max-width: 530px) 100vw, 530px\" \/><\/a>\n\t\t\t<\/dt><\/dl><br style=\"clear: both\" \/>\n\t\t<\/div>\n\n<h3><span style=\"font-size: 14pt;\"><span style=\"font-size: 18.6667px;\"><b>FABRICA DE PORTONES : Fabricaci\u00f3n de portones corredizos <span>&#x2714; <\/span>fabricaci\u00f3n de portones levadizos <span>&#x2714;<\/span> fabricaci\u00f3n de portones batienes <span>&#x2714;<\/span> fabricaci\u00f3n de portones rebatibles <span>&#x2714;<\/span> fabricaci\u00f3n de portones rebatibles pivotantes <span>&#x2714;<\/span> fabrica de portones a medida <span>&#x2714;<\/span> Fabrica de portones de madera, fabrica de portones de chapa, fabrica de portones de reja, fabrica de portones de metal, fabrica de portones de hierro, fabrica de portones de acero, fabrica de portones de aluminio, fabrica de portones industriales, fabrica de portones para hogares y comercios.<\/b><\/span><\/span><\/h3>\n<p><a href=\"https:\/\/asisport.com.ar\/fabrica-de-portones\/wp-content\/uploads\/2020\/07\/maxresdefault.jpg\"><img loading=\"lazy\" decoding=\"async\" src=\"https:\/\/asisport.com.ar\/fabrica-de-portones\/wp-content\/uploads\/2020\/07\/maxresdefault.jpg\" alt=\"\" class=\"size-full wp-image-27597\" width=\"1280\" height=\"720\" srcset=\"https:\/\/asisport.com.ar\/fabrica-de-portones\/wp-content\/uploads\/2020\/07\/maxresdefault.jpg 1280w, https:\/\/asisport.com.ar\/fabrica-de-portones\/wp-content\/uploads\/2020\/07\/maxresdefault-300x169.jpg 300w, https:\/\/asisport.com.ar\/fabrica-de-portones\/wp-content\/uploads\/2020\/07\/maxresdefault-1024x576.jpg 1024w, https:\/\/asisport.com.ar\/fabrica-de-portones\/wp-content\/uploads\/2020\/07\/maxresdefault-768x432.jpg 768w, https:\/\/asisport.com.ar\/fabrica-de-portones\/wp-content\/uploads\/2020\/07\/maxresdefault-750x422.jpg 750w, https:\/\/asisport.com.ar\/fabrica-de-portones\/wp-content\/uploads\/2020\/07\/maxresdefault-480x270.jpg 480w, https:\/\/asisport.com.ar\/fabrica-de-portones\/wp-content\/uploads\/2020\/07\/maxresdefault-20x11.jpg 20w, https:\/\/asisport.com.ar\/fabrica-de-portones\/wp-content\/uploads\/2020\/07\/maxresdefault-206x116.jpg 206w\" sizes=\"(max-width: 1280px) 100vw, 1280px\" \/><\/a><\/p>\n<h3><span style=\"font-size: 14pt;\"><span style=\"font-size: 18.6667px;\"><b> Venta de controles remotos para portones corredizos, portones levadizos, portones batientes, controles remotos copiativos y originales de todas las marcas en Argentina. Reforma de portones todo tipo y modelos de portones en todos sus revestimientos y automatismos.<\/b><\/span><\/span><\/h3>\n<p><a href=\"https:\/\/asisport.com.ar\/fabrica-de-portones\/wp-content\/uploads\/2020\/07\/gateb89.png\"><img loading=\"lazy\" decoding=\"async\" src=\"https:\/\/asisport.com.ar\/fabrica-de-portones\/wp-content\/uploads\/2020\/07\/gateb89.png\" alt=\"portones autom\u00e1ticos\" class=\"wp-image-27599 size-full alignnone\" width=\"850\" height=\"414\" srcset=\"https:\/\/asisport.com.ar\/fabrica-de-portones\/wp-content\/uploads\/2020\/07\/gateb89.png 850w, https:\/\/asisport.com.ar\/fabrica-de-portones\/wp-content\/uploads\/2020\/07\/gateb89-300x146.png 300w, https:\/\/asisport.com.ar\/fabrica-de-portones\/wp-content\/uploads\/2020\/07\/gateb89-768x374.png 768w, https:\/\/asisport.com.ar\/fabrica-de-portones\/wp-content\/uploads\/2020\/07\/gateb89-750x365.png 750w, https:\/\/asisport.com.ar\/fabrica-de-portones\/wp-content\/uploads\/2020\/07\/gateb89-20x10.png 20w, https:\/\/asisport.com.ar\/fabrica-de-portones\/wp-content\/uploads\/2020\/07\/gateb89-228x111.png 228w\" sizes=\"(max-width: 850px) 100vw, 850px\" \/><\/a><\/p>\n<h3><span style=\"font-size: 14pt;\">\u00bfTiene un port\u00f3n y quiere automatizarlo? <\/span><\/h3>\n<h4><span style=\"font-size: 12pt;\">Contamos con los mejores especialistas en <strong>automatizaci\u00f3n de portones<\/strong> en todos sus mecanismos. <strong>Portones Corredizos, Portones Levadizos, Portones Batientes \/ Portones Rebatibles<\/strong>.<\/span><\/h4>\n<h3><span style=\"font-size: 14pt;\">\u00bf Su port\u00f3n autom\u00e1tico no quiere funcionar ?<\/span><\/h3>\n<h4><span style=\"font-size: 12pt;\"><span style=\"font-size: 12pt;\">Llamanos, detectamos el problema y te ofrecemos diversas soluciones para el perfecto funcionamiento de su\u00a0<\/span><b style=\"font-size: 12pt;\">port\u00f3n. <\/b><span style=\"font-size: 12pt;\">Trabajamos hace m\u00e1s de 35 a\u00f1os con <\/span><b style=\"font-size: 12pt;\">portones, portones <\/b><span style=\"font-size: 16px;\"><b>autom\u00e1ticos<\/b><\/span><b style=\"font-size: 12pt;\"> y manuales<\/b><span style=\"font-size: 12pt;\"> de todo tipo portones, levadizos, portones corredizos, portones batientes.<\/span><\/span><\/h4>\n<h3><span style=\"font-size: 14pt;\">\u00bfTiene un port\u00f3n viejo y quiere cambiarlo?<\/span><\/h3>\n<h3><span style=\"font-size: 12pt;\">Nosotros fabricamos su <strong>port\u00f3n<\/strong> a medida, utilizando la mejor calidad en hierros, chapas y mecanismos reforzados, optimizando al m\u00e1ximo la seguridad y funcionamiento del mismo.<\/span><\/h3>\n<h3><span style=\"font-size: 14pt;\">\u00bfCompro un motor y necesita instalarlo?<\/span><\/h3>\n<h3><span style=\"font-size: 12pt;\">Nos encargamos de realizar la instalaci\u00f3n de cualquier tipo de <strong>motor<\/strong>\u00a0para <strong>portones corredizos, portones levadizos o portones batientes, previamente adquirido por el cliente. <\/strong>Con garant\u00eda por el trabajo realizado y la mejor atenci\u00f3n post venta. ( Trabajamos con todas las marcas de <strong>motores<\/strong> )<\/span><\/h3>\n<h3><span style=\"font-size: 14pt;\">\u00bfNecesita reponer controles remotos o accesorios para su port\u00f3n?<\/span><\/h3>\n<h4><span style=\"font-size: 12pt;\">Te facilitamos la compra de accesorios, como <strong>controles remotos<\/strong>, centrales y dem\u00e1s repuestos para <strong>portones autom\u00e1ticos. <\/strong>Nos encargamos de la programaci\u00f3n de los mandos<b>, colocaci\u00f3n e instalaci\u00f3n de cualquier repuesto para su port\u00f3n autom\u00e1tico.<\/b><\/span><\/h4>\n<blockquote>\n<h4><span style=\"font-size: 12pt; font-family: Actor, sans-serif; color: #000000;\">EN FABRICA Y REPARACI\u00d3N DE PORTONES AUTOM\u00c1TICOS ASISPORT, nos destacamos por ser responsables, honestos y por sobre todo, tener vasta experiencia profesional en portones y portones <span style=\"font-size: 16px;\">autom\u00e1ticos<\/span>. Intentamos ofrecer siempre al cliente los costos m\u00e1s bajos sin resignar calidad. Si tiene alg\u00fan problema con su port\u00f3n y nadie se lo ha podido solucionar, est\u00e1 en el lugar indicado. Consulte sin compromiso! Trabajamos en Beccar \/ San Isidro y en todo Zona Norte.<\/span><\/h4>\n<\/blockquote>\n<hr \/>\n<p><span style=\"font-size: 12pt; color: #000000;\"><b style=\"color: #000000; font-size: 12pt;\">Seguridad 100% garantizada en portones <\/b><span style=\"color: #000000;\"><span style=\"font-size: 16px;\"><b style=\"color: #000000; font-size: 16px;\">autom\u00e1ticos y manuales. Service de portones, service de portones <\/b><span style=\"color: #000000;\"><span style=\"font-size: 16px;\"><b>autom\u00e1ticos<\/b><\/span><\/span><b style=\"color: #000000; font-size: 16px;\">, service de portones en San Isidro &#8211; Zona Norte.<\/b><\/span><\/span><\/span><\/p>\n<p><span style=\"color: #000000;\"><strong>Mantenga su hogar a salvo, su seguridad y la de su familia no tiene precio.<\/strong><\/span><\/p>\n<div id=\"attachment_27235\" style=\"width: 1034px\" class=\"wp-caption aligncenter\"><a href=\"https:\/\/asisport.com.ar\/fabrica-de-portones\/wp-content\/uploads\/2020\/07\/IMG-20200713-WA0035.jpg\"><img loading=\"lazy\" decoding=\"async\" aria-describedby=\"caption-attachment-27235\" src=\"https:\/\/asisport.com.ar\/fabrica-de-portones\/wp-content\/uploads\/2020\/07\/IMG-20200713-WA0035-1024x420.jpg\" alt=\"portones automaticos\" class=\"wp-image-27235 size-large\" width=\"1024\" height=\"420\" srcset=\"https:\/\/asisport.com.ar\/fabrica-de-portones\/wp-content\/uploads\/2020\/07\/IMG-20200713-WA0035-1024x420.jpg 1024w, https:\/\/asisport.com.ar\/fabrica-de-portones\/wp-content\/uploads\/2020\/07\/IMG-20200713-WA0035-300x123.jpg 300w, https:\/\/asisport.com.ar\/fabrica-de-portones\/wp-content\/uploads\/2020\/07\/IMG-20200713-WA0035-768x315.jpg 768w, https:\/\/asisport.com.ar\/fabrica-de-portones\/wp-content\/uploads\/2020\/07\/IMG-20200713-WA0035-750x308.jpg 750w, https:\/\/asisport.com.ar\/fabrica-de-portones\/wp-content\/uploads\/2020\/07\/IMG-20200713-WA0035-20x8.jpg 20w, https:\/\/asisport.com.ar\/fabrica-de-portones\/wp-content\/uploads\/2020\/07\/IMG-20200713-WA0035-228x94.jpg 228w, https:\/\/asisport.com.ar\/fabrica-de-portones\/wp-content\/uploads\/2020\/07\/IMG-20200713-WA0035.jpg 1101w\" sizes=\"(max-width: 1024px) 100vw, 1024px\" \/><\/a><p id=\"caption-attachment-27235\" class=\"wp-caption-text\">F\u00c1BRICA DE PORTONES AUTOM\u00c1TICOS ZONA NORTE<\/p><\/div>\n<p><a href=\"https:\/\/asisport.com.ar\/fabrica-de-portones\/beccar-portones\/\">SERVICE DE PORTONES AUTOM\u00c1TICOS ZONA NORTE | SERVICE DE PORTONES. Automatizaci\u00f3n de Portones en Beccar \u2013 San Isidro \u2013 Zona Norte.<\/a><\/p>\n<h1><span style=\"font-size: 12pt;\">Fabrica de Portones Zona Norte &#8211; San Isidro : Portones autom\u00e1ticos &#8211; Portones manuales, Portones corredizos &#8211; portones levadizos &#8211; portones batientes, portones pivotantes. <\/span><span style=\"font-size: 10pt;\">Fabrica de Portones : Portones de chapa, portones de madera, portones de reja, portones de hierro, portones de aluminio, nos dedicamos al automatismo de portones en general, service de portones,\u00a0 reparaci\u00f3n de portones autom\u00e1ticos y manuales. PORTONES. FABRICA DE PORTONES. PORTONES AUTOM\u00c1TICOS | FABRICA DE PORTONES. PORTONES MANUALES | AUTOMATISMO DE PORTONES. FABRICA DE PORTONES. PORTONES. AUTOMATIZACI\u00d3N DE PORTONES. PORTONES LEVADIZOS, PORTONES CORREDIZOS, PORTONES BATIENTES, PORTONES REBATIBLES, PORTONES PIVOTANTES.<\/span><\/h1>\n<\/div>\n<\/div>\n<\/div>\n<\/div>\n<\/div>\n<\/div>\n","protected":false},"excerpt":{"rendered":"<p>SERVICE, FABRICA Y REPARACI\u00d3N DE PORTONES AUTOM\u00c1TICOS | FABRICA DE PORTONES AUTOM\u00c1TICOS ZONA NORTE &#x2714; TIGRE |\u00a0 BECCAR | SAN ISIDRO |\u00a0 MARTINEZ\u00a0| OLIVOS | VICENTE LOPEZ &#x23eb; ASISPORT,\u00a0 SEGURIDAD TOTAL PARA TU PORT\u00d3N AL MEJOR PRECIO ASEGURADO &#8211; Tel\u00e9fono : 011 6308 1176 &#x23eb;\u00a0 \u00a0Servicio T\u00e9cnico\u00a0 Realizamos todo tipo [&hellip;]<\/p>\n","protected":false},"author":2,"featured_media":0,"parent":0,"menu_order":0,"comment_status":"closed","ping_status":"closed","template":"","meta":{"_uag_custom_page_level_css":"","yasr_overall_rating":5,"yasr_post_is_review":"yes","yasr_auto_insert_disabled":"yes","yasr_review_type":"LocalBusiness","footnotes":""},"class_list":["post-27299","page","type-page","status-publish","hentry"],"yasr_visitor_votes":{"number_of_votes":200,"sum_votes":1000,"stars_attributes":{"read_only":true,"span_bottom":"<span class='yasr-small-block-bold'><span class='yasr-visitor-votes-must-sign-in'>Ya has votado este art\u00edculo<\/span><\/span>"}},"uagb_featured_image_src":{"full":false,"thumbnail":false,"medium":false,"medium_large":false,"large":false,"1536x1536":false,"2048x2048":false,"hestia-blog":false,"form-edit-image-preview":false,"sow-carousel-default":false},"uagb_author_info":{"display_name":"PORTONES ASISPORT","author_link":"https:\/\/asisport.com.ar\/fabrica-de-portones\/author\/c1351631\/"},"uagb_comment_info":0,"uagb_excerpt":"SERVICE, FABRICA Y REPARACI\u00d3N DE PORTONES AUTOM\u00c1TICOS | FABRICA DE PORTONES AUTOM\u00c1TICOS ZONA NORTE &#x2714; TIGRE |\u00a0 BECCAR | SAN ISIDRO |\u00a0 MARTINEZ\u00a0| OLIVOS | VICENTE LOPEZ &#x23eb; ASISPORT,\u00a0 SEGURIDAD TOTAL PARA TU PORT\u00d3N AL MEJOR PRECIO ASEGURADO &#8211; Tel\u00e9fono : 011 6308 1176 &#x23eb;\u00a0 \u00a0Servicio T\u00e9cnico\u00a0 Realizamos todo tipo [&hellip;]","_links":{"self":[{"href":"https:\/\/asisport.com.ar\/fabrica-de-portones\/wp-json\/wp\/v2\/pages\/27299","targetHints":{"allow":["GET"]}}],"collection":[{"href":"https:\/\/asisport.com.ar\/fabrica-de-portones\/wp-json\/wp\/v2\/pages"}],"about":[{"href":"https:\/\/asisport.com.ar\/fabrica-de-portones\/wp-json\/wp\/v2\/types\/page"}],"author":[{"embeddable":true,"href":"https:\/\/asisport.com.ar\/fabrica-de-portones\/wp-json\/wp\/v2\/users\/2"}],"replies":[{"embeddable":true,"href":"https:\/\/asisport.com.ar\/fabrica-de-portones\/wp-json\/wp\/v2\/comments?post=27299"}],"version-history":[{"count":10,"href":"https:\/\/asisport.com.ar\/fabrica-de-portones\/wp-json\/wp\/v2\/pages\/27299\/revisions"}],"predecessor-version":[{"id":28693,"href":"https:\/\/asisport.com.ar\/fabrica-de-portones\/wp-json\/wp\/v2\/pages\/27299\/revisions\/28693"}],"wp:attachment":[{"href":"https:\/\/asisport.com.ar\/fabrica-de-portones\/wp-json\/wp\/v2\/media?parent=27299"}],"curies":[{"name":"wp","href":"https:\/\/api.w.org\/{rel}","templated":true}]}}