{"id":27151,"date":"2020-07-09T06:33:49","date_gmt":"2020-07-09T09:33:49","guid":{"rendered":"https:\/\/asisport.com.ar\/fabrica-de-portones\/?page_id=27151"},"modified":"2022-10-21T11:42:32","modified_gmt":"2022-10-21T14:42:32","slug":"accesorios-portones-automaticos","status":"publish","type":"page","link":"https:\/\/asisport.com.ar\/fabrica-de-portones\/accesorios-portones-automaticos\/","title":{"rendered":"ACCESORIOS PARA PORT\u00d3N AUTOM\u00c1TICO"},"content":{"rendered":"\t\t<div data-elementor-type=\"wp-page\" data-elementor-id=\"27151\" class=\"elementor elementor-27151\">\n\t\t\t\t\t\t<section class=\"elementor-section elementor-top-section elementor-element elementor-element-4b4f7d77 elementor-section-boxed elementor-section-height-default elementor-section-height-default\" data-id=\"4b4f7d77\" data-element_type=\"section\" data-e-type=\"section\">\n\t\t\t\t\t\t<div class=\"elementor-container elementor-column-gap-default\">\n\t\t\t\t\t<div class=\"elementor-column elementor-col-100 elementor-top-column elementor-element elementor-element-4c3ba44b\" data-id=\"4c3ba44b\" data-element_type=\"column\" data-e-type=\"column\">\n\t\t\t<div class=\"elementor-widget-wrap elementor-element-populated\">\n\t\t\t\t\t\t<div class=\"elementor-element elementor-element-230b41be elementor-widget elementor-widget-text-editor\" data-id=\"230b41be\" data-element_type=\"widget\" data-e-type=\"widget\" data-widget_type=\"text-editor.default\">\n\t\t\t\t<div class=\"elementor-widget-container\">\n\t\t\t\t\t\t\t\t\t\n<p class=\"has-text-align-center has-white-color has-black-background-color has-text-color has-background\"><strong>EN PORTONES ASISPORT<\/strong> &#8211; <strong>Realizamos la instalaci\u00f3n de todo tipo de repuestos y accesorios para portones de todo tipo : Corredizos, Levadizos, Rebatibles &#8211; Autom\u00e1ticos, El\u00e9ctricos y Manuales.<\/strong><\/p>\n<hr class=\"wp-block-separator\" \/>\n<h2 class=\"has-text-align-center has-background wp-block-heading\" style=\"background-color: #cbc80c; font-size: 14px;\">CAMBIO DE RUEDAS PARA PORT\u00d3N CORREDIZO<\/h2>\n\n<div class=\"wp-block-group alignwide\"><div class=\"wp-block-group__inner-container is-layout-flow wp-block-group-is-layout-flow\">\n<div id=\"cambiar-rueda-port\u00f3n-corredizo\" class=\"wp-block-image\">\n<figure class=\"aligncenter size-medium\"><img fetchpriority=\"high\" decoding=\"async\" src=\"https:\/\/asisport.com.ar\/fabrica-de-portones\/wp-content\/uploads\/2021\/08\/rueda-porton-corredizo-300x300.jpg\" alt=\"rueda port\u00f3n corredizo, cambiar rueda de port\u00f3n corredizo, cambiar ruedas de port\u00f3n.\" class=\"wp-image-28267 aligncenter\" title=\"rueda port\u00f3n corredizo \" width=\"285\" height=\"285\" srcset=\"https:\/\/asisport.com.ar\/fabrica-de-portones\/wp-content\/uploads\/2021\/08\/rueda-porton-corredizo-300x300.jpg 300w, https:\/\/asisport.com.ar\/fabrica-de-portones\/wp-content\/uploads\/2021\/08\/rueda-porton-corredizo-1024x1024.jpg 1024w, https:\/\/asisport.com.ar\/fabrica-de-portones\/wp-content\/uploads\/2021\/08\/rueda-porton-corredizo-150x150.jpg 150w, https:\/\/asisport.com.ar\/fabrica-de-portones\/wp-content\/uploads\/2021\/08\/rueda-porton-corredizo-768x768.jpg 768w, https:\/\/asisport.com.ar\/fabrica-de-portones\/wp-content\/uploads\/2021\/08\/rueda-porton-corredizo-530x530.jpg 530w, https:\/\/asisport.com.ar\/fabrica-de-portones\/wp-content\/uploads\/2021\/08\/rueda-porton-corredizo-750x750.jpg 750w, https:\/\/asisport.com.ar\/fabrica-de-portones\/wp-content\/uploads\/2021\/08\/rueda-porton-corredizo-500x500.jpg 500w, https:\/\/asisport.com.ar\/fabrica-de-portones\/wp-content\/uploads\/2021\/08\/rueda-porton-corredizo-20x20.jpg 20w, https:\/\/asisport.com.ar\/fabrica-de-portones\/wp-content\/uploads\/2021\/08\/rueda-porton-corredizo-116x116.jpg 116w, https:\/\/asisport.com.ar\/fabrica-de-portones\/wp-content\/uploads\/2021\/08\/rueda-porton-corredizo.jpg 1200w\" sizes=\"(max-width: 285px) 100vw, 285px\" \/><\/figure>\n<\/div>\n<\/div><\/div>\n\n<h2 class=\"has-text-align-center has-background wp-block-heading\" style=\"background-color: #cbc80c; font-size: 14px;\">CAMBIO DE CREMALLERAS DE HIERRO PARA PORT\u00d3N CORREDIZO<\/h2>\n\n<div id=\"cambiar-cremallera-de-hierro-porton-corredizo\" class=\"wp-block-image\">\n<figure class=\"aligncenter size-medium\"><a href=\"https:\/\/asisport.com.ar\/fabrica-de-portones\/wp-content\/uploads\/2021\/08\/D_NQ_NP_890371-MLA31016484428_062019-O.jpg\"><img decoding=\"async\" src=\"https:\/\/asisport.com.ar\/fabrica-de-portones\/wp-content\/uploads\/2021\/08\/D_NQ_NP_890371-MLA31016484428_062019-O-295x300.jpg\" alt=\"cremallera de hierro, cambio de cremallera de hierro, cambiar cremallera de hierro, precio cremallera de hierro, cremallera de hierro vivaldi.\" class=\"wp-image-28268 aligncenter\" title=\"cambiar cremallera de hierro\" width=\"300\" height=\"305\" srcset=\"https:\/\/asisport.com.ar\/fabrica-de-portones\/wp-content\/uploads\/2021\/08\/D_NQ_NP_890371-MLA31016484428_062019-O-295x300.jpg 295w, https:\/\/asisport.com.ar\/fabrica-de-portones\/wp-content\/uploads\/2021\/08\/D_NQ_NP_890371-MLA31016484428_062019-O-20x20.jpg 20w, https:\/\/asisport.com.ar\/fabrica-de-portones\/wp-content\/uploads\/2021\/08\/D_NQ_NP_890371-MLA31016484428_062019-O-114x116.jpg 114w, https:\/\/asisport.com.ar\/fabrica-de-portones\/wp-content\/uploads\/2021\/08\/D_NQ_NP_890371-MLA31016484428_062019-O.jpg 492w\" sizes=\"(max-width: 300px) 100vw, 300px\" \/><\/a><\/figure>\n<\/div>\n\n<h2 class=\"has-text-align-center has-background wp-block-heading\" style=\"background-color: #cbc80c; font-size: 14px;\">CAMBIO DE CREMALLERAS DE NYLON PARA PORT\u00d3N CORREDIZO<\/h2>\n\n<div id=\"cambiar-cremallera-port\u00f3n-corredizo\" class=\"wp-block-image\">\n<figure class=\"aligncenter size-medium\"><a href=\"https:\/\/asisport.com.ar\/fabrica-de-portones\/wp-content\/uploads\/2021\/08\/CREMALLERA-PORTON-CORREDIZO.jpg\"><img decoding=\"async\" src=\"https:\/\/asisport.com.ar\/fabrica-de-portones\/wp-content\/uploads\/2021\/08\/CREMALLERA-PORTON-CORREDIZO-300x178.jpg\" alt=\"cremallera seg, cambiar cremallera port\u00f3n corredizo, cambio de cremallera port\u00f3n corredizo, cremallera de plastico port\u00f3n corredizo.\" class=\"wp-image-28269 aligncenter\" title=\"cremallera port\u00f3n corredizo\" width=\"372\" height=\"221\" srcset=\"https:\/\/asisport.com.ar\/fabrica-de-portones\/wp-content\/uploads\/2021\/08\/CREMALLERA-PORTON-CORREDIZO-300x178.jpg 300w, https:\/\/asisport.com.ar\/fabrica-de-portones\/wp-content\/uploads\/2021\/08\/CREMALLERA-PORTON-CORREDIZO-20x12.jpg 20w, https:\/\/asisport.com.ar\/fabrica-de-portones\/wp-content\/uploads\/2021\/08\/CREMALLERA-PORTON-CORREDIZO-195x116.jpg 195w, https:\/\/asisport.com.ar\/fabrica-de-portones\/wp-content\/uploads\/2021\/08\/CREMALLERA-PORTON-CORREDIZO.jpg 500w\" sizes=\"(max-width: 372px) 100vw, 372px\" \/><\/a><\/figure>\n<\/div>\n\n<h2 class=\"has-text-align-center has-background wp-block-heading\" style=\"background-color: #cbc80c; font-size: 14px;\">CAMBIO DE IMANES LIMITES DE CARRERA PARA PORT\u00d3N CORREDIZO<\/h2>\n\n<div id=\"iman-port\u00f3n-corredizo-limite-de-carrera-cambiar\" class=\"wp-block-image\">\n<figure class=\"aligncenter size-medium\"><a href=\"https:\/\/asisport.com.ar\/fabrica-de-portones\/wp-content\/uploads\/2021\/08\/ima_fim_de_curso_universal_com_suporte_para_motor_de_portao_deslizante_1_600.jpg\"><img loading=\"lazy\" decoding=\"async\" src=\"https:\/\/asisport.com.ar\/fabrica-de-portones\/wp-content\/uploads\/2021\/08\/ima_fim_de_curso_universal_com_suporte_para_motor_de_portao_deslizante_1_600-300x300.jpg\" alt=\"limite de carrera port\u00f3n corredizo, limite de carrera seg port\u00f3n corredizo, cambiar limite de carrera im\u00e1n port\u00f3n corredizo\" class=\"wp-image-28270 aligncenter\" title=\"imanes limite de carrera port\u00f3n corredizo autom\u00e1tico\" width=\"276\" height=\"276\" srcset=\"https:\/\/asisport.com.ar\/fabrica-de-portones\/wp-content\/uploads\/2021\/08\/ima_fim_de_curso_universal_com_suporte_para_motor_de_portao_deslizante_1_600-300x300.jpg 300w, https:\/\/asisport.com.ar\/fabrica-de-portones\/wp-content\/uploads\/2021\/08\/ima_fim_de_curso_universal_com_suporte_para_motor_de_portao_deslizante_1_600-150x150.jpg 150w, https:\/\/asisport.com.ar\/fabrica-de-portones\/wp-content\/uploads\/2021\/08\/ima_fim_de_curso_universal_com_suporte_para_motor_de_portao_deslizante_1_600.jpg 500w, https:\/\/asisport.com.ar\/fabrica-de-portones\/wp-content\/uploads\/2021\/08\/ima_fim_de_curso_universal_com_suporte_para_motor_de_portao_deslizante_1_600-20x20.jpg 20w, https:\/\/asisport.com.ar\/fabrica-de-portones\/wp-content\/uploads\/2021\/08\/ima_fim_de_curso_universal_com_suporte_para_motor_de_portao_deslizante_1_600-116x116.jpg 116w\" sizes=\"(max-width: 276px) 100vw, 276px\" \/><\/a><\/figure>\n<\/div>\n\n<h2 class=\"has-text-align-center has-background wp-block-heading\" style=\"background-color: #cbc80c; font-size: 14px;\">CAMBIO DE CABLES DE ACERO, POLEAS, ROLDANAS, ESPADA, RULEMANES, ETC PARA PORT\u00d3N LEVADIZO<\/h2>\n\n<div id=\"cambiar-cable-de-acero-port\u00f3n-levadizo\" class=\"wp-block-image\">\n<figure class=\"aligncenter size-full\"><a href=\"https:\/\/asisport.com.ar\/fabrica-de-portones\/wp-content\/uploads\/2021\/08\/CABLE-DE-ACERO-PORTON-LEVADIZO.jpg\"><img loading=\"lazy\" decoding=\"async\" src=\"https:\/\/asisport.com.ar\/fabrica-de-portones\/wp-content\/uploads\/2021\/08\/CABLE-DE-ACERO-PORTON-LEVADIZO.jpg\" alt=\"cambiar cable de acero port\u00f3n levadizo, cambio de cable de acero portones levadizos, cambio de cable de acero, cambio de cable de acero zona norte, precio cambio de cable de acero.\" class=\"wp-image-28271 aligncenter\" title=\"cambiar cable de acero roto port\u00f3n levadizo\" width=\"544\" height=\"184\" srcset=\"https:\/\/asisport.com.ar\/fabrica-de-portones\/wp-content\/uploads\/2021\/08\/CABLE-DE-ACERO-PORTON-LEVADIZO.jpg 571w, https:\/\/asisport.com.ar\/fabrica-de-portones\/wp-content\/uploads\/2021\/08\/CABLE-DE-ACERO-PORTON-LEVADIZO-300x101.jpg 300w, https:\/\/asisport.com.ar\/fabrica-de-portones\/wp-content\/uploads\/2021\/08\/CABLE-DE-ACERO-PORTON-LEVADIZO-20x7.jpg 20w, https:\/\/asisport.com.ar\/fabrica-de-portones\/wp-content\/uploads\/2021\/08\/CABLE-DE-ACERO-PORTON-LEVADIZO-228x77.jpg 228w\" sizes=\"(max-width: 544px) 100vw, 544px\" \/><\/a><\/figure>\n<\/div>\n\n<h1 class=\"has-text-align-center has-background wp-block-heading\" style=\"background-color: #cbc80c; font-size: 14px;\">CONTROL REMOTO COPIATIVO PARA PORT\u00d3N AUTOM\u00c1TICO &#8211; CORREDIZO &#8211; LEVADIZO &#8211; BATIENTE<\/h1>\n\n<h3 class=\"wp-block-heading\"><span style=\"font-size: 18pt;\">Venta de control remoto para portones autom\u00e1ticos de todas las marcas y modelos &#8211; control remoto copiativo universal para port\u00f3n autom\u00e1tico el\u00e9ctrico, precio y calidad inmejorable! Venta de controles remotos para port\u00f3n autom\u00e1tico &#8211; el\u00e9ctrico, en Beccar &#8211;\u00a0 Tigre, San Isidro &#8211; Martinez y todo Zona Norte &#8211; Control remoto copiativo compatible con motores SEG, PPA, GELB, VIVALDI, ETC.<\/span><\/h3>\n\n<div id=\"control-remoto-port\u00f3n-autom\u00e1tico-comprar\" class=\"wp-block-image\">\n<figure class=\"aligncenter size-medium\"><a href=\"https:\/\/asisport.com.ar\/fabrica-de-portones\/wp-content\/uploads\/2021\/08\/CONTROL-REMOTO-PARA-PORTONES.jpg\"><img loading=\"lazy\" decoding=\"async\" src=\"https:\/\/asisport.com.ar\/fabrica-de-portones\/wp-content\/uploads\/2021\/08\/CONTROL-REMOTO-PARA-PORTONES-300x236.jpg\" alt=\"comprar control remoto port\u00f3n autom\u00e1tico, control remoto para portones, control remoto SEG, control remoto para portones, copia de controles remotos para portones autom\u00e1ticos el\u00e9ctricos, control remoto copiativo para port\u00f3n automatico, control remoto para portones zona norte\" class=\"wp-image-28272 alignnone\" title=\"control remoto copia para portones autom\u00e1ticos corredizos levadizos rebatibles\" width=\"503\" height=\"395\" srcset=\"https:\/\/asisport.com.ar\/fabrica-de-portones\/wp-content\/uploads\/2021\/08\/CONTROL-REMOTO-PARA-PORTONES-300x236.jpg 300w, https:\/\/asisport.com.ar\/fabrica-de-portones\/wp-content\/uploads\/2021\/08\/CONTROL-REMOTO-PARA-PORTONES-768x604.jpg 768w, https:\/\/asisport.com.ar\/fabrica-de-portones\/wp-content\/uploads\/2021\/08\/CONTROL-REMOTO-PARA-PORTONES-750x590.jpg 750w, https:\/\/asisport.com.ar\/fabrica-de-portones\/wp-content\/uploads\/2021\/08\/CONTROL-REMOTO-PARA-PORTONES-20x16.jpg 20w, https:\/\/asisport.com.ar\/fabrica-de-portones\/wp-content\/uploads\/2021\/08\/CONTROL-REMOTO-PARA-PORTONES-148x116.jpg 148w, https:\/\/asisport.com.ar\/fabrica-de-portones\/wp-content\/uploads\/2021\/08\/CONTROL-REMOTO-PARA-PORTONES.jpg 959w\" sizes=\"(max-width: 503px) 100vw, 503px\" \/><\/a><\/figure>\n<\/div>\n\n<h4 class=\"has-text-align-center has-background wp-block-heading\" style=\"background-color: #cbc80c; font-size: 14px;\">CAMBIO Y COLOCACI\u00d3N DE PLAQUETA , CENTRAL ELECTR\u00d3NICA PARA PORTONES. CORREDIZOS, LEVADIZOS Y BATIENTES<\/h4>\n\n<div id=\"plaqueta-placa-central-motor-para-portones\" class=\"wp-block-image\">\n<figure class=\"aligncenter size-medium\"><a href=\"https:\/\/asisport.com.ar\/fabrica-de-portones\/wp-content\/uploads\/2021\/08\/plaqueta-electronica-porton-automatico-1.jpg\"><img loading=\"lazy\" decoding=\"async\" src=\"https:\/\/asisport.com.ar\/fabrica-de-portones\/wp-content\/uploads\/2021\/08\/plaqueta-electronica-porton-automatico-1-300x258.jpg\" alt=\"plaqueta de motor para portones corredizos, levadizos y batientes de dos hojas, central electr\u00f3nica para port\u00f3n seg corredizo, central electr\u00f3nica para port\u00f3n levadizo, cambiar central electr\u00f3nica plaqueta de motor el\u00e9ctrico zona norte, central de comando. placa seg port\u00f3n corredizo.\" class=\"wp-image-28274 aligncenter\" title=\"placa de motor para portones autom\u00e1ticos zona norte\" width=\"322\" height=\"277\" srcset=\"https:\/\/asisport.com.ar\/fabrica-de-portones\/wp-content\/uploads\/2021\/08\/plaqueta-electronica-porton-automatico-1-300x258.jpg 300w, https:\/\/asisport.com.ar\/fabrica-de-portones\/wp-content\/uploads\/2021\/08\/plaqueta-electronica-porton-automatico-1-20x17.jpg 20w, https:\/\/asisport.com.ar\/fabrica-de-portones\/wp-content\/uploads\/2021\/08\/plaqueta-electronica-porton-automatico-1-135x116.jpg 135w, https:\/\/asisport.com.ar\/fabrica-de-portones\/wp-content\/uploads\/2021\/08\/plaqueta-electronica-porton-automatico-1.jpg 614w\" sizes=\"(max-width: 322px) 100vw, 322px\" \/><\/a><\/figure>\n<\/div>\n\n<h4 class=\"has-text-align-center has-background wp-block-heading\" style=\"background-color: #cbc80c; font-size: 14px;\">COLOCACI\u00d3N DE SEMAFOROS PARA GARAGE, FOTOCELULAS PORTONES<\/h4>\n\n<div id=\"instalaci\u00f3n-sem\u00e1foro-para-garage\" class=\"wp-block-image\">\n<figure class=\"aligncenter size-medium\"><a href=\"https:\/\/asisport.com.ar\/fabrica-de-portones\/wp-content\/uploads\/2021\/08\/SEMAFORO-PORTON-GARAGE.jpg\"><img loading=\"lazy\" decoding=\"async\" src=\"https:\/\/asisport.com.ar\/fabrica-de-portones\/wp-content\/uploads\/2021\/08\/SEMAFORO-PORTON-GARAGE-268x300.jpg\" alt=\"sem\u00e1foro para garage zona norte san isidro\" class=\"wp-image-28275 aligncenter\" width=\"244\" height=\"273\" srcset=\"https:\/\/asisport.com.ar\/fabrica-de-portones\/wp-content\/uploads\/2021\/08\/SEMAFORO-PORTON-GARAGE-268x300.jpg 268w, https:\/\/asisport.com.ar\/fabrica-de-portones\/wp-content\/uploads\/2021\/08\/SEMAFORO-PORTON-GARAGE-18x20.jpg 18w, https:\/\/asisport.com.ar\/fabrica-de-portones\/wp-content\/uploads\/2021\/08\/SEMAFORO-PORTON-GARAGE-104x116.jpg 104w, https:\/\/asisport.com.ar\/fabrica-de-portones\/wp-content\/uploads\/2021\/08\/SEMAFORO-PORTON-GARAGE.jpg 447w\" sizes=\"(max-width: 244px) 100vw, 244px\" \/><\/a><\/figure>\n<\/div>\n\t\t\t\t\t\t\t\t<\/div>\n\t\t\t\t<\/div>\n\t\t\t\t\t<\/div>\n\t\t<\/div>\n\t\t\t\t\t<\/div>\n\t\t<\/section>\n\t\t\t\t<\/div>\n\t\t<div style=\"text-align:center\" class=\"yasr-auto-insert-visitor\"><\/div>","protected":false},"excerpt":{"rendered":"<p>EN PORTONES ASISPORT &#8211; Realizamos la instalaci\u00f3n de todo tipo de repuestos y accesorios para portones de todo tipo : Corredizos, Levadizos, Rebatibles &#8211; Autom\u00e1ticos, El\u00e9ctricos y Manuales. CAMBIO DE RUEDAS PARA PORT\u00d3N CORREDIZO CAMBIO DE CREMALLERAS DE HIERRO PARA PORT\u00d3N CORREDIZO CAMBIO DE CREMALLERAS DE NYLON PARA PORT\u00d3N CORREDIZO [&hellip;]<\/p>\n","protected":false},"author":2,"featured_media":0,"parent":0,"menu_order":0,"comment_status":"closed","ping_status":"closed","template":"","meta":{"_uag_custom_page_level_css":"","yasr_overall_rating":5,"yasr_post_is_review":"","yasr_auto_insert_disabled":"","yasr_review_type":"","footnotes":""},"class_list":["post-27151","page","type-page","status-publish","hentry"],"yasr_visitor_votes":{"number_of_votes":0,"sum_votes":0,"stars_attributes":{"read_only":true,"span_bottom":"<span class='yasr-small-block-bold'><span class='yasr-visitor-votes-must-sign-in'>Ya has votado este art\u00edculo<\/span><\/span>"}},"uagb_featured_image_src":{"full":false,"thumbnail":false,"medium":false,"medium_large":false,"large":false,"1536x1536":false,"2048x2048":false,"hestia-blog":false,"form-edit-image-preview":false,"sow-carousel-default":false},"uagb_author_info":{"display_name":"PORTONES ASISPORT","author_link":"https:\/\/asisport.com.ar\/fabrica-de-portones\/author\/c1351631\/"},"uagb_comment_info":0,"uagb_excerpt":"EN PORTONES ASISPORT &#8211; Realizamos la instalaci\u00f3n de todo tipo de repuestos y accesorios para portones de todo tipo : Corredizos, Levadizos, Rebatibles &#8211; Autom\u00e1ticos, El\u00e9ctricos y Manuales. CAMBIO DE RUEDAS PARA PORT\u00d3N CORREDIZO CAMBIO DE CREMALLERAS DE HIERRO PARA PORT\u00d3N CORREDIZO CAMBIO DE CREMALLERAS DE NYLON PARA PORT\u00d3N CORREDIZO [&hellip;]","_links":{"self":[{"href":"https:\/\/asisport.com.ar\/fabrica-de-portones\/wp-json\/wp\/v2\/pages\/27151","targetHints":{"allow":["GET"]}}],"collection":[{"href":"https:\/\/asisport.com.ar\/fabrica-de-portones\/wp-json\/wp\/v2\/pages"}],"about":[{"href":"https:\/\/asisport.com.ar\/fabrica-de-portones\/wp-json\/wp\/v2\/types\/page"}],"author":[{"embeddable":true,"href":"https:\/\/asisport.com.ar\/fabrica-de-portones\/wp-json\/wp\/v2\/users\/2"}],"replies":[{"embeddable":true,"href":"https:\/\/asisport.com.ar\/fabrica-de-portones\/wp-json\/wp\/v2\/comments?post=27151"}],"version-history":[{"count":1,"href":"https:\/\/asisport.com.ar\/fabrica-de-portones\/wp-json\/wp\/v2\/pages\/27151\/revisions"}],"predecessor-version":[{"id":28585,"href":"https:\/\/asisport.com.ar\/fabrica-de-portones\/wp-json\/wp\/v2\/pages\/27151\/revisions\/28585"}],"wp:attachment":[{"href":"https:\/\/asisport.com.ar\/fabrica-de-portones\/wp-json\/wp\/v2\/media?parent=27151"}],"curies":[{"name":"wp","href":"https:\/\/api.w.org\/{rel}","templated":true}]}}